{"id":5165,"date":"2024-02-23T12:32:28","date_gmt":"2024-02-23T11:32:28","guid":{"rendered":"https:\/\/reunion-gites.com\/hotelzimmer\/"},"modified":"2024-02-23T12:32:28","modified_gmt":"2024-02-23T11:32:28","slug":"hotelzimmer","status":"publish","type":"page","link":"https:\/\/reunion-gites.com\/de\/hotelzimmer\/","title":{"rendered":"Hotelzimmer"},"content":{"rendered":"\n\t\t<div class=\"container room-container\"><div class=\"hotel-booking-rooms-search\"><h3>Check avaibility<\/h3><form name=\"hb-search-form\" class=\"hb-search-form hb-form-table\" ><div class=\"hb-form-field-input\"><label>Check-in Date<\/label><input type=\"text\" name=\"check_in_date\" class=\"hb_input_date_check\" value=\"2026\/04\/16\" placeholder=\"Check-in Date\" autocomplete=\"off\"\/><\/div><div class=\"hb-form-field-input\"><label>Check-out Date<\/label><input type=\"text\" name=\"check_out_date\" class=\"hb_input_date_check\" value=\"2026\/04\/17\" placeholder=\"Check-out Date\" autocomplete=\"off\"\/><\/div><div class=\"hb-form-field hb-form-number\"><label>Adults<\/label><div class=\"hb-form-field-input hb-input-field-number\">\r\n\t\t        <input type=\"number\" step=\"1\" min=\"1\" name=\"adults_capacity\" value=\"1\" \/>\r\n\t\t    <\/div><div class=\"hb-form-field-list nav-number-input-field\">\r\n\t\t        <span class=\"label\"><label>Adults<\/label><\/span>\r\n\t\t        <div class=\"number-box\">\r\n\t\t            <span class=\"number-icons hb-goDown\"><i class=\"fa fa-minus\"><\/i><\/span>\r\n\t\t            <span class=\"hb-number-field-value\">\r\n\t\t            <\/span>\r\n\t\t            <span class=\"number-icons hb-goUp\"><i class=\"fa fa-plus\"><\/i><\/span>\r\n\t\t        <\/div>\r\n\t\t    <\/div><\/div><div class=\"hb-form-field hb-form-number\"><label>Children<\/label><div class=\"hb-form-field-input hb-input-field-number\">\r\n\t\t        <input type=\"number\" step=\"1\" min=\"0\" name=\"max_child\" value=\"0\" \/>\r\n\t\t    <\/div><div class=\"hb-form-field-list nav-number-input-field\">\r\n\t\t        <span class=\"label\"><label>Children<\/label><\/span>\r\n\t\t        <div class=\"number-box\">\r\n\t\t            <span class=\"number-icons hb-goDown\"><i class=\"fa fa-minus\"><\/i><\/span>\r\n\t\t            <span class=\"hb-number-field-value\">\r\n\t\t            <\/span>\r\n\t\t            <span class=\"number-icons hb-goUp\"><i class=\"fa fa-plus\"><\/i><\/span>\r\n\t\t        <\/div>\r\n\t\t    <\/div><\/div><div class=\"hb-form-field hb-form-number\"><label>Rooms<\/label><div class=\"hb-form-field-input hb-input-field-number\">\r\n\t\t        <input type=\"number\" step=\"1\" min=\"1\" name=\"room_qty\" value=\"1\" \/>\r\n\t\t    <\/div><div class=\"hb-form-field-list nav-number-input-field\">\r\n\t\t        <span class=\"label\"><label>Rooms<\/label><\/span>\r\n\t\t        <div class=\"number-box\">\r\n\t\t            <span class=\"number-icons hb-goDown\"><i class=\"fa fa-minus\"><\/i><\/span>\r\n\t\t            <span class=\"hb-number-field-value\">\r\n\t\t            <\/span>\r\n\t\t            <span class=\"number-icons hb-goUp\"><i class=\"fa fa-plus\"><\/i><\/span>\r\n\t\t        <\/div>\r\n\t\t    <\/div><\/div><div class=\"hb-form-field-input\"><button type=\"submit\" class=\"rooms-check-avaibility\">Check avaibility<\/button><\/div><\/form><\/div><div>\n<div id=\"hotel-booking-search-filter\" class=\"hotel-booking-search-filter\">\n\t<div class=\"hotel-booking-search-filter-inner\">\n\t    <h3>\n\t\t\tFilter By\t\t<\/h3>\n\n\t    <form class=\"search-filter-form\" action=\"\">\n\t        <div class=\"hb-form-table\">\n\t\t\t\t    <div class=\"hb-price-field\" data-min=\"0\"\n         data-max=\"0\"\n         data-step=\"1\">\n        <div class=\" title\">Price<\/div>\n        <input type=\"hidden\" class=\"hb-min-price\" name=\"min-price\"\n               value=\"\">\n        <input type=\"hidden\" class=\"hb-max-price\" name=\"max-price\"\n               value=\"\">\n        <div class=\"hb-search-price\">\n            <div class=\"hb-price-range\"><\/div>\n            <div>\n                <span class=\"min\">0.00<\/span>\n                -\n                <span class=\"max\">0.00<\/span>\n            <\/div>\n        <\/div>\n    <\/div>\n\t<div class=\"hb-rating-field\">\n\t\t<h4> Rating<\/h4>\n\t\t<ul class=\"rating-list\">\n\t\t\t\t\t\t\t<li class=\"list-item\">\n\t\t\t\t\t<div class=\"rating\">\n\t\t\t\t\t\t<label>\n\t\t\t\t\t\t\t<input type=\"checkbox\" name=\"rating\" value=\"1\">\n\t\t\t\t\t\t\t<span>\n\t\t\t\t\t\t\t\t1 star\t\t\t\t\t\t\t<\/span>\n\t\t\t\t\t\t<\/label>\n\t\t\t\t\t<\/div>\n\t\t\t\t\t<div class=\"rating-number\">\n\t\t\t\t\t\t0\t\t\t\t\t<\/div>\n\t\t\t\t<\/li>\n\t\t\t\t\t\t\t\t<li class=\"list-item\">\n\t\t\t\t\t<div class=\"rating\">\n\t\t\t\t\t\t<label>\n\t\t\t\t\t\t\t<input type=\"checkbox\" name=\"rating\" value=\"2\">\n\t\t\t\t\t\t\t<span>\n\t\t\t\t\t\t\t\t2 stars\t\t\t\t\t\t\t<\/span>\n\t\t\t\t\t\t<\/label>\n\t\t\t\t\t<\/div>\n\t\t\t\t\t<div class=\"rating-number\">\n\t\t\t\t\t\t0\t\t\t\t\t<\/div>\n\t\t\t\t<\/li>\n\t\t\t\t\t\t\t\t<li class=\"list-item\">\n\t\t\t\t\t<div class=\"rating\">\n\t\t\t\t\t\t<label>\n\t\t\t\t\t\t\t<input type=\"checkbox\" name=\"rating\" value=\"3\">\n\t\t\t\t\t\t\t<span>\n\t\t\t\t\t\t\t\t3 stars\t\t\t\t\t\t\t<\/span>\n\t\t\t\t\t\t<\/label>\n\t\t\t\t\t<\/div>\n\t\t\t\t\t<div class=\"rating-number\">\n\t\t\t\t\t\t0\t\t\t\t\t<\/div>\n\t\t\t\t<\/li>\n\t\t\t\t\t\t\t\t<li class=\"list-item\">\n\t\t\t\t\t<div class=\"rating\">\n\t\t\t\t\t\t<label>\n\t\t\t\t\t\t\t<input type=\"checkbox\" name=\"rating\" value=\"4\">\n\t\t\t\t\t\t\t<span>\n\t\t\t\t\t\t\t\t4 stars\t\t\t\t\t\t\t<\/span>\n\t\t\t\t\t\t<\/label>\n\t\t\t\t\t<\/div>\n\t\t\t\t\t<div class=\"rating-number\">\n\t\t\t\t\t\t0\t\t\t\t\t<\/div>\n\t\t\t\t<\/li>\n\t\t\t\t\t\t\t\t<li class=\"list-item\">\n\t\t\t\t\t<div class=\"rating\">\n\t\t\t\t\t\t<label>\n\t\t\t\t\t\t\t<input type=\"checkbox\" name=\"rating\" value=\"5\">\n\t\t\t\t\t\t\t<span>\n\t\t\t\t\t\t\t\t5 stars\t\t\t\t\t\t\t<\/span>\n\t\t\t\t\t\t<\/label>\n\t\t\t\t\t<\/div>\n\t\t\t\t\t<div class=\"rating-number\">\n\t\t\t\t\t\t0\t\t\t\t\t<\/div>\n\t\t\t\t<\/li>\n\t\t\t\t\t\t\t<li class=\"list-item unrated\">\n\t\t\t\t<div class=\"rating\">\n\t\t\t\t\t<label>\n\t\t\t\t\t\t<input type=\"checkbox\" name=\"rating\" value=\"unrated\">\n\t\t\t\t\t\t<span>Unrated<\/span>\n\t\t\t\t\t<\/label>\n\t\t\t\t<\/div>\n\t\t\t\t<div class=\"rating-number\">\n\t\t\t\t\t1\t\t\t\t<\/div>\n\t\t\t<\/li>\n\t\t<\/ul>\n\t<\/div>\n<div class=\"hb-type-field\">\n\t<h4>Room Types<\/h4>\n\t<ul class=\"room-type-list\">\n\t\t\t\t\t<li class=\"list-item\">\n\t\t\t\t<div class=\"room-type\">\n\t\t\t\t\t<label>\n\t\t\t\t\t\t<input type=\"checkbox\" name=\"room_type\" value=\"18\">\n\t\t\t\t\t\t<span>Double Room<\/span>\n\t\t\t\t\t<\/label>\n\t\t\t\t<\/div>\n\t\t\t\t<div class=\"room-type-number\">\n\t\t\t\t\t<a href=\"https:\/\/reunion-gites.com\/room-type\/double-room\/\">1<\/a>\n\t\t\t\t<\/div>\n\t\t\t<\/li>\n\t\t\t\t<\/ul>\n<\/div>\n\n\t\t\t\t<div class=\"clear-reset-filter\">\n\t\t\t\t\t\t\t\t\t\t\t<button type=\"button\" class=\"hb-room-filter-btn\">Filter<\/button>\n\t\t\t\t\t\n\t\t\t\t\t<div class=\"clear-filter\">\n\t\t\t\t\t\t<button type=\"button\">\n\t\t\t\t\t\t\tReset\t\t\t\t\t\t<\/button>\n\t            <\/div>\n\t\t\t\t<\/div>\n\t        <\/div>\n\t    <\/form>\n    <\/div>\n<\/div>\n<div class=\"room-content\"><div class=\"thim-room-top switch-layout-container\">\n\t\t<div class=\"thim-room-filter-button\">\n\t\t<button class=\"filter-button\" type=\"button\">\n\t\t\t<svg class=\"filter-icon\" width=\"16\" height=\"16\" viewBox=\"0 0 16 16\" fill=\"none\" xmlns=\"http:\/\/www.w3.org\/2000\/svg\">\n\t\t\t\t<path d=\"M2 4h12M4 8h8M6 12h4\" stroke=\"currentColor\" stroke-width=\"2\" stroke-linecap=\"round\"\/>\n\t\t\t<\/svg>\n\t\t\t<span>Filter<\/span>\n\t\t<\/button>\n\t<\/div>\n\t\n\t<div class=\"show-number\">\n\t\t\t<\/div>\n\t\t\t<div class=\"thim-switch-layout switch-layout\" data-cookie=\"\"\n\t\t data-active=\"\">\n\t\t<div class=\"switchToList\">\n\t\t\t<svg width=\"20\" height=\"20\" viewBox=\"0 0 20 20\" fill=\"none\" xmlns=\"http:\/\/www.w3.org\/2000\/svg\"><path d=\"M19.4406 3.35646H9.37122C9.22286 3.35646 9.08057 3.29752 8.97566 3.19261C8.87075 3.0877 8.81181 2.94541 8.81181 2.79705C8.81181 2.64868 8.87075 2.50639 8.97566 2.40149C9.08057 2.29658 9.22286 2.23764 9.37122 2.23764H19.4406C19.589 2.23764 19.7312 2.29658 19.8362 2.40149C19.9411 2.50639 20 2.64868 20 2.79705C20 2.94541 19.9411 3.0877 19.8362 3.19261C19.7312 3.29752 19.589 3.35646 19.4406 3.35646ZM19.4406 10.5594H9.37122C9.22286 10.5594 9.08057 10.5005 8.97566 10.3956C8.87075 10.2907 8.81181 10.1484 8.81181 10C8.81181 9.85163 8.87075 9.70935 8.97566 9.60444C9.08057 9.49953 9.22286 9.44059 9.37122 9.44059H19.4406C19.589 9.44059 19.7312 9.49953 19.8362 9.60444C19.9411 9.70935 20 9.85163 20 10C20 10.1484 19.9411 10.2907 19.8362 10.3956C19.7312 10.5005 19.589 10.5594 19.4406 10.5594ZM19.4406 17.759H9.37122C9.22286 17.759 9.08057 17.7001 8.97566 17.5952C8.87075 17.4902 8.81181 17.348 8.81181 17.1996C8.81181 17.0512 8.87075 16.9089 8.97566 16.804C9.08057 16.6991 9.22286 16.6402 9.37122 16.6402H19.4406C19.589 16.6402 19.7312 16.6991 19.8362 16.804C19.9411 16.9089 20 17.0512 20 17.1996C20 17.348 19.9411 17.4902 19.8362 17.5952C19.7312 17.7001 19.589 17.759 19.4406 17.759ZM2.79705 5.59409C2.24384 5.59409 1.70306 5.43005 1.24309 5.12271C0.78312 4.81536 0.424616 4.37852 0.212914 3.86743C0.00121192 3.35634 -0.0541789 2.79394 0.0537457 2.25137C0.16167 1.7088 0.428063 1.21041 0.819237 0.819237C1.21041 0.428063 1.7088 0.16167 2.25137 0.0537457C2.79394 -0.0541789 3.35634 0.00121192 3.86743 0.212914C4.37852 0.424616 4.81536 0.78312 5.12271 1.24309C5.43005 1.70306 5.59409 2.24384 5.59409 2.79705C5.59409 3.16436 5.52175 3.52808 5.38118 3.86743C5.24062 4.20678 5.03459 4.51513 4.77486 4.77486C4.51513 5.03459 4.20678 5.24062 3.86743 5.38118C3.52808 5.52175 3.16436 5.59409 2.79705 5.59409ZM2.79705 1.11882C2.46513 1.11882 2.14066 1.21725 1.86467 1.40165C1.58869 1.58606 1.37359 1.84816 1.24657 2.15482C1.11955 2.46147 1.08631 2.79891 1.15107 3.12445C1.21582 3.45 1.37566 3.74903 1.61036 3.98373C1.84507 4.21844 2.1441 4.37827 2.46964 4.44303C2.79519 4.50778 3.13262 4.47455 3.43928 4.34753C3.74593 4.22051 4.00804 4.0054 4.19244 3.72942C4.37685 3.45344 4.47527 3.12897 4.47527 2.79705C4.47527 2.35195 4.29846 1.92509 3.98373 1.61036C3.669 1.29563 3.24214 1.11882 2.79705 1.11882ZM2.79705 12.797C2.24384 12.797 1.70306 12.633 1.24309 12.3257C0.78312 12.0183 0.424616 11.5815 0.212914 11.0704C0.00121192 10.5593 -0.0541789 9.9969 0.0537457 9.45432C0.16167 8.91175 0.428063 8.41336 0.819237 8.02219C1.21041 7.63102 1.7088 7.36462 2.25137 7.2567C2.79394 7.14877 3.35634 7.20416 3.86743 7.41587C4.37852 7.62757 4.81536 7.98607 5.12271 8.44604C5.43005 8.90602 5.59409 9.4468 5.59409 10C5.59409 10.7418 5.29941 11.4533 4.77486 11.9778C4.25031 12.5024 3.53887 12.797 2.79705 12.797ZM2.79705 8.32177C2.46513 8.32177 2.14066 8.4202 1.86467 8.6046C1.58869 8.78901 1.37359 9.05111 1.24657 9.35777C1.11955 9.66443 1.08631 10.0019 1.15107 10.3274C1.21582 10.653 1.37566 10.952 1.61036 11.1867C1.84507 11.4214 2.1441 11.5812 2.46964 11.646C2.79519 11.7107 3.13262 11.6775 3.43928 11.5505C3.74593 11.4235 4.00804 11.2084 4.19244 10.9324C4.37685 10.6564 4.47527 10.3319 4.47527 10C4.47527 9.55491 4.29846 9.12804 3.98373 8.81331C3.669 8.49858 3.24214 8.32177 2.79705 8.32177ZM2.79705 20C2.24384 20 1.70306 19.836 1.24309 19.5286C0.78312 19.2213 0.424616 18.7844 0.212914 18.2733C0.00121192 17.7622 -0.0541789 17.1998 0.0537457 16.6573C0.16167 16.1147 0.428063 15.6163 0.819237 15.2251C1.21041 14.834 1.7088 14.5676 2.25137 14.4597C2.79394 14.3517 3.35634 14.4071 3.86743 14.6188C4.37852 14.8305 4.81536 15.189 5.12271 15.649C5.43005 16.109 5.59409 16.6497 5.59409 17.203C5.59409 17.9448 5.29941 18.6562 4.77486 19.1808C4.25031 19.7053 3.53887 20 2.79705 20ZM2.79705 15.5247C2.46513 15.5247 2.14066 15.6232 1.86467 15.8076C1.58869 15.992 1.37359 16.2541 1.24657 16.5607C1.11955 16.8674 1.08631 17.2048 1.15107 17.5304C1.21582 17.8559 1.37566 18.1549 1.61036 18.3896C1.84507 18.6243 2.1441 18.7842 2.46964 18.8489C2.79519 18.9137 3.13262 18.8805 3.43928 18.7534C3.74593 18.6264 4.00804 18.4113 4.19244 18.1353C4.37685 17.8593 4.47527 17.5349 4.47527 17.203C4.47527 16.7579 4.29846 16.331 3.98373 16.0163C3.669 15.7015 3.24214 15.5247 2.79705 15.5247Z\" fill=\"#7C7C7C\"\/><\/svg>\t\t<\/div>\n\t\t<div class=\"switchToGrid switch-active\">\n\t\t\t<svg width=\"18\" height=\"19\" viewBox=\"0 0 16 16\" fill=\"none\" xmlns=\"http:\/\/www.w3.org\/2000\/svg\"><path  d=\"M1.5 13C1.89782 13 2.27936 13.158 2.56066 13.4393C2.84196 13.7206 3 14.1022 3 14.5C3 14.8978 2.84196 15.2794 2.56066 15.5607C2.27936 15.842 1.89782 16 1.5 16C1.10218 16 0.720644 15.842 0.43934 15.5607C0.158035 15.2794 0 14.8978 0 14.5C0 14.1022 0.158035 13.7206 0.43934 13.4393C0.720644 13.158 1.10218 13 1.5 13ZM8 13C8.39782 13 8.77936 13.158 9.06066 13.4393C9.34196 13.7206 9.5 14.1022 9.5 14.5C9.5 14.8978 9.34196 15.2794 9.06066 15.5607C8.77936 15.842 8.39782 16 8 16C7.60218 16 7.22064 15.842 6.93934 15.5607C6.65804 15.2794 6.5 14.8978 6.5 14.5C6.5 14.1022 6.65804 13.7206 6.93934 13.4393C7.22064 13.158 7.60218 13 8 13ZM14.5 13C14.8978 13 15.2794 13.158 15.5607 13.4393C15.842 13.7206 16 14.1022 16 14.5C16 14.8978 15.842 15.2794 15.5607 15.5607C15.2794 15.842 14.8978 16 14.5 16C14.1022 16 13.7206 15.842 13.4393 15.5607C13.158 15.2794 13 14.8978 13 14.5C13 14.1022 13.158 13.7206 13.4393 13.4393C13.7206 13.158 14.1022 13 14.5 13ZM1.5 6.5C1.89782 6.5 2.27936 6.65804 2.56066 6.93934C2.84196 7.22064 3 7.60218 3 8C3 8.39782 2.84196 8.77936 2.56066 9.06066C2.27936 9.34196 1.89782 9.5 1.5 9.5C1.10218 9.5 0.720644 9.34196 0.43934 9.06066C0.158035 8.77936 0 8.39782 0 8C0 7.60218 0.158035 7.22064 0.43934 6.93934C0.720644 6.65804 1.10218 6.5 1.5 6.5ZM8 6.5C8.39782 6.5 8.77936 6.65804 9.06066 6.93934C9.34196 7.22064 9.5 7.60218 9.5 8C9.5 8.39782 9.34196 8.77936 9.06066 9.06066C8.77936 9.34196 8.39782 9.5 8 9.5C7.60218 9.5 7.22064 9.34196 6.93934 9.06066C6.65804 8.77936 6.5 8.39782 6.5 8C6.5 7.60218 6.65804 7.22064 6.93934 6.93934C7.22064 6.65804 7.60218 6.5 8 6.5ZM14.5 6.5C14.8978 6.5 15.2794 6.65804 15.5607 6.93934C15.842 7.22064 16 7.60218 16 8C16 8.39782 15.842 8.77936 15.5607 9.06066C15.2794 9.34196 14.8978 9.5 14.5 9.5C14.1022 9.5 13.7206 9.34196 13.4393 9.06066C13.158 8.77936 13 8.39782 13 8C13 7.60218 13.158 7.22064 13.4393 6.93934C13.7206 6.65804 14.1022 6.5 14.5 6.5ZM1.5 0C1.69698 -4.1511e-09 1.89204 0.0387985 2.07403 0.114181C2.25601 0.189563 2.42137 0.300052 2.56066 0.43934C2.69995 0.578628 2.81044 0.743986 2.88582 0.925975C2.9612 1.10796 3 1.30302 3 1.5C3 1.69698 2.9612 1.89204 2.88582 2.07403C2.81044 2.25601 2.69995 2.42137 2.56066 2.56066C2.42137 2.69995 2.25601 2.81044 2.07403 2.88582C1.89204 2.9612 1.69698 3 1.5 3C1.10218 3 0.720644 2.84196 0.43934 2.56066C0.158035 2.27936 0 1.89782 0 1.5C0 1.10218 0.158035 0.720644 0.43934 0.43934C0.720644 0.158035 1.10218 8.38353e-09 1.5 0ZM8 0C8.19698 -4.1511e-09 8.39204 0.0387985 8.57403 0.114181C8.75601 0.189563 8.92137 0.300052 9.06066 0.43934C9.19995 0.578628 9.31044 0.743986 9.38582 0.925975C9.4612 1.10796 9.5 1.30302 9.5 1.5C9.5 1.69698 9.4612 1.89204 9.38582 2.07403C9.31044 2.25601 9.19995 2.42137 9.06066 2.56066C8.92137 2.69995 8.75601 2.81044 8.57403 2.88582C8.39204 2.9612 8.19698 3 8 3C7.60218 3 7.22064 2.84196 6.93934 2.56066C6.65804 2.27936 6.5 1.89782 6.5 1.5C6.5 1.10218 6.65804 0.720644 6.93934 0.43934C7.22064 0.158035 7.60218 8.38353e-09 8 0ZM14.5 0C14.697 -4.1511e-09 14.892 0.0387985 15.074 0.114181C15.256 0.189563 15.4214 0.300052 15.5607 0.43934C15.6999 0.578628 15.8104 0.743986 15.8858 0.925975C15.9612 1.10796 16 1.30302 16 1.5C16 1.69698 15.9612 1.89204 15.8858 2.07403C15.8104 2.25601 15.6999 2.42137 15.5607 2.56066C15.4214 2.69995 15.256 2.81044 15.074 2.88582C14.892 2.9612 14.697 3 14.5 3C14.1022 3 13.7206 2.84196 13.4393 2.56066C13.158 2.27936 13 1.89782 13 1.5C13 1.10218 13.158 0.720644 13.4393 0.43934C13.7206 0.158035 14.1022 8.38353e-09 14.5 0Z\" fill=\"#7C7C7C\"\/><\/svg>\t\t<\/div>\n\t<\/div>\n\t\t<\/div>\nNo room found<\/div><\/div><\/div>\n\t\t\n\t\n","protected":false},"excerpt":{"rendered":"","protected":false},"author":1,"featured_media":0,"parent":0,"menu_order":0,"comment_status":"closed","ping_status":"closed","template":"","meta":{"footnotes":""},"class_list":["post-5165","page","type-page","status-publish","hentry"],"yoast_head":"<!-- This site is optimized with the Yoast SEO plugin v27.4 - https:\/\/yoast.com\/product\/yoast-seo-wordpress\/ -->\n<title>Hotelzimmer - Les G\u00eetes de Bassin Plat<\/title>\n<meta name=\"robots\" content=\"index, follow, max-snippet:-1, max-image-preview:large, max-video-preview:-1\" \/>\n<link rel=\"canonical\" href=\"https:\/\/reunion-gites.com\/de\/hotelzimmer\/\" \/>\n<meta property=\"og:locale\" content=\"de_DE\" \/>\n<meta property=\"og:type\" content=\"article\" \/>\n<meta property=\"og:title\" content=\"Hotelzimmer - Les G\u00eetes de Bassin Plat\" \/>\n<meta property=\"og:url\" content=\"https:\/\/reunion-gites.com\/de\/hotelzimmer\/\" \/>\n<meta property=\"og:site_name\" content=\"Les G\u00eetes de Bassin Plat\" \/>\n<meta name=\"twitter:card\" content=\"summary_large_image\" \/>\n<script type=\"application\/ld+json\" class=\"yoast-schema-graph\">{\"@context\":\"https:\\\/\\\/schema.org\",\"@graph\":[{\"@type\":\"WebPage\",\"@id\":\"https:\\\/\\\/reunion-gites.com\\\/de\\\/hotelzimmer\\\/\",\"url\":\"https:\\\/\\\/reunion-gites.com\\\/de\\\/hotelzimmer\\\/\",\"name\":\"Hotelzimmer - Les G\u00eetes de Bassin Plat\",\"isPartOf\":{\"@id\":\"https:\\\/\\\/reunion-gites.com\\\/de\\\/#website\"},\"datePublished\":\"2024-02-23T11:32:28+00:00\",\"breadcrumb\":{\"@id\":\"https:\\\/\\\/reunion-gites.com\\\/de\\\/hotelzimmer\\\/#breadcrumb\"},\"inLanguage\":\"de\",\"potentialAction\":[{\"@type\":\"ReadAction\",\"target\":[\"https:\\\/\\\/reunion-gites.com\\\/de\\\/hotelzimmer\\\/\"]}]},{\"@type\":\"BreadcrumbList\",\"@id\":\"https:\\\/\\\/reunion-gites.com\\\/de\\\/hotelzimmer\\\/#breadcrumb\",\"itemListElement\":[{\"@type\":\"ListItem\",\"position\":1,\"name\":\"Startseite\",\"item\":\"https:\\\/\\\/reunion-gites.com\\\/de\\\/accueil\\\/\"},{\"@type\":\"ListItem\",\"position\":2,\"name\":\"Hotelzimmer\"}]},{\"@type\":\"WebSite\",\"@id\":\"https:\\\/\\\/reunion-gites.com\\\/de\\\/#website\",\"url\":\"https:\\\/\\\/reunion-gites.com\\\/de\\\/\",\"name\":\"Les G\u00eetes de Bassin Plat\",\"description\":\"Charmante Ferienh\u00e4user auf La R\u00e9union\",\"publisher\":{\"@id\":\"https:\\\/\\\/reunion-gites.com\\\/de\\\/#organization\"},\"potentialAction\":[{\"@type\":\"SearchAction\",\"target\":{\"@type\":\"EntryPoint\",\"urlTemplate\":\"https:\\\/\\\/reunion-gites.com\\\/de\\\/?s={search_term_string}\"},\"query-input\":{\"@type\":\"PropertyValueSpecification\",\"valueRequired\":true,\"valueName\":\"search_term_string\"}}],\"inLanguage\":\"de\"},{\"@type\":\"Organization\",\"@id\":\"https:\\\/\\\/reunion-gites.com\\\/de\\\/#organization\",\"name\":\"Les G\u00eetes de Bassin Plat\",\"url\":\"https:\\\/\\\/reunion-gites.com\\\/de\\\/\",\"logo\":{\"@type\":\"ImageObject\",\"inLanguage\":\"de\",\"@id\":\"https:\\\/\\\/reunion-gites.com\\\/de\\\/#\\\/schema\\\/logo\\\/image\\\/\",\"url\":\"https:\\\/\\\/reunion-gites.com\\\/wp-content\\\/uploads\\\/2015\\\/09\\\/cropped-Logo-GBP-3-1-1-e1708710559604.png\",\"contentUrl\":\"https:\\\/\\\/reunion-gites.com\\\/wp-content\\\/uploads\\\/2015\\\/09\\\/cropped-Logo-GBP-3-1-1-e1708710559604.png\",\"width\":512,\"height\":359,\"caption\":\"Les G\u00eetes de Bassin Plat\"},\"image\":{\"@id\":\"https:\\\/\\\/reunion-gites.com\\\/de\\\/#\\\/schema\\\/logo\\\/image\\\/\"}}]}<\/script>\n<!-- \/ Yoast SEO plugin. -->","yoast_head_json":{"title":"Hotelzimmer - Les G\u00eetes de Bassin Plat","robots":{"index":"index","follow":"follow","max-snippet":"max-snippet:-1","max-image-preview":"max-image-preview:large","max-video-preview":"max-video-preview:-1"},"canonical":"https:\/\/reunion-gites.com\/de\/hotelzimmer\/","og_locale":"de_DE","og_type":"article","og_title":"Hotelzimmer - Les G\u00eetes de Bassin Plat","og_url":"https:\/\/reunion-gites.com\/de\/hotelzimmer\/","og_site_name":"Les G\u00eetes de Bassin Plat","twitter_card":"summary_large_image","schema":{"@context":"https:\/\/schema.org","@graph":[{"@type":"WebPage","@id":"https:\/\/reunion-gites.com\/de\/hotelzimmer\/","url":"https:\/\/reunion-gites.com\/de\/hotelzimmer\/","name":"Hotelzimmer - Les G\u00eetes de Bassin Plat","isPartOf":{"@id":"https:\/\/reunion-gites.com\/de\/#website"},"datePublished":"2024-02-23T11:32:28+00:00","breadcrumb":{"@id":"https:\/\/reunion-gites.com\/de\/hotelzimmer\/#breadcrumb"},"inLanguage":"de","potentialAction":[{"@type":"ReadAction","target":["https:\/\/reunion-gites.com\/de\/hotelzimmer\/"]}]},{"@type":"BreadcrumbList","@id":"https:\/\/reunion-gites.com\/de\/hotelzimmer\/#breadcrumb","itemListElement":[{"@type":"ListItem","position":1,"name":"Startseite","item":"https:\/\/reunion-gites.com\/de\/accueil\/"},{"@type":"ListItem","position":2,"name":"Hotelzimmer"}]},{"@type":"WebSite","@id":"https:\/\/reunion-gites.com\/de\/#website","url":"https:\/\/reunion-gites.com\/de\/","name":"Les G\u00eetes de Bassin Plat","description":"Charmante Ferienh\u00e4user auf La R\u00e9union","publisher":{"@id":"https:\/\/reunion-gites.com\/de\/#organization"},"potentialAction":[{"@type":"SearchAction","target":{"@type":"EntryPoint","urlTemplate":"https:\/\/reunion-gites.com\/de\/?s={search_term_string}"},"query-input":{"@type":"PropertyValueSpecification","valueRequired":true,"valueName":"search_term_string"}}],"inLanguage":"de"},{"@type":"Organization","@id":"https:\/\/reunion-gites.com\/de\/#organization","name":"Les G\u00eetes de Bassin Plat","url":"https:\/\/reunion-gites.com\/de\/","logo":{"@type":"ImageObject","inLanguage":"de","@id":"https:\/\/reunion-gites.com\/de\/#\/schema\/logo\/image\/","url":"https:\/\/reunion-gites.com\/wp-content\/uploads\/2015\/09\/cropped-Logo-GBP-3-1-1-e1708710559604.png","contentUrl":"https:\/\/reunion-gites.com\/wp-content\/uploads\/2015\/09\/cropped-Logo-GBP-3-1-1-e1708710559604.png","width":512,"height":359,"caption":"Les G\u00eetes de Bassin Plat"},"image":{"@id":"https:\/\/reunion-gites.com\/de\/#\/schema\/logo\/image\/"}}]}},"_links":{"self":[{"href":"https:\/\/reunion-gites.com\/de\/wp-json\/wp\/v2\/pages\/5165","targetHints":{"allow":["GET"]}}],"collection":[{"href":"https:\/\/reunion-gites.com\/de\/wp-json\/wp\/v2\/pages"}],"about":[{"href":"https:\/\/reunion-gites.com\/de\/wp-json\/wp\/v2\/types\/page"}],"author":[{"embeddable":true,"href":"https:\/\/reunion-gites.com\/de\/wp-json\/wp\/v2\/users\/1"}],"replies":[{"embeddable":true,"href":"https:\/\/reunion-gites.com\/de\/wp-json\/wp\/v2\/comments?post=5165"}],"version-history":[{"count":0,"href":"https:\/\/reunion-gites.com\/de\/wp-json\/wp\/v2\/pages\/5165\/revisions"}],"wp:attachment":[{"href":"https:\/\/reunion-gites.com\/de\/wp-json\/wp\/v2\/media?parent=5165"}],"curies":[{"name":"wp","href":"https:\/\/api.w.org\/{rel}","templated":true}]}}