{"id":5154,"date":"2024-02-23T12:32:28","date_gmt":"2024-02-23T11:32:28","guid":{"rendered":"https:\/\/reunion-gites.com\/hotel-account\/"},"modified":"2024-02-23T12:32:28","modified_gmt":"2024-02-23T11:32:28","slug":"hotel-account","status":"publish","type":"page","link":"https:\/\/reunion-gites.com\/de\/hotel-account\/","title":{"rendered":"Hotel Account"},"content":{"rendered":"You must <strong><a href=\"https:\/\/reunion-gites.com\/de\/wp-login.php?redirect_to=https%3A%2F%2Freunion-gites.com%2Fcompte-hotel%2F\">Login<a\/><\/strong>.\n","protected":false},"excerpt":{"rendered":"","protected":false},"author":1,"featured_media":0,"parent":0,"menu_order":0,"comment_status":"closed","ping_status":"closed","template":"","meta":{"footnotes":""},"class_list":["post-5154","page","type-page","status-publish","hentry"],"yoast_head":"<!-- This site is optimized with the Yoast SEO plugin v27.3 - https:\/\/yoast.com\/product\/yoast-seo-wordpress\/ -->\n<title>Hotel Account - Les G\u00eetes de Bassin Plat<\/title>\n<meta name=\"robots\" content=\"index, follow, max-snippet:-1, max-image-preview:large, max-video-preview:-1\" \/>\n<link rel=\"canonical\" href=\"https:\/\/reunion-gites.com\/de\/hotel-account\/\" \/>\n<meta property=\"og:locale\" content=\"de_DE\" \/>\n<meta property=\"og:type\" content=\"article\" \/>\n<meta property=\"og:title\" content=\"Hotel Account - Les G\u00eetes de Bassin Plat\" \/>\n<meta property=\"og:url\" content=\"https:\/\/reunion-gites.com\/de\/hotel-account\/\" \/>\n<meta property=\"og:site_name\" content=\"Les G\u00eetes de Bassin Plat\" \/>\n<meta name=\"twitter:card\" content=\"summary_large_image\" \/>\n<script type=\"application\/ld+json\" class=\"yoast-schema-graph\">{\"@context\":\"https:\\\/\\\/schema.org\",\"@graph\":[{\"@type\":\"WebPage\",\"@id\":\"https:\\\/\\\/reunion-gites.com\\\/de\\\/hotel-account\\\/\",\"url\":\"https:\\\/\\\/reunion-gites.com\\\/de\\\/hotel-account\\\/\",\"name\":\"Hotel Account - Les G\u00eetes de Bassin Plat\",\"isPartOf\":{\"@id\":\"https:\\\/\\\/reunion-gites.com\\\/de\\\/#website\"},\"datePublished\":\"2024-02-23T11:32:28+00:00\",\"breadcrumb\":{\"@id\":\"https:\\\/\\\/reunion-gites.com\\\/de\\\/hotel-account\\\/#breadcrumb\"},\"inLanguage\":\"de\",\"potentialAction\":[{\"@type\":\"ReadAction\",\"target\":[\"https:\\\/\\\/reunion-gites.com\\\/de\\\/hotel-account\\\/\"]}]},{\"@type\":\"BreadcrumbList\",\"@id\":\"https:\\\/\\\/reunion-gites.com\\\/de\\\/hotel-account\\\/#breadcrumb\",\"itemListElement\":[{\"@type\":\"ListItem\",\"position\":1,\"name\":\"Startseite\",\"item\":\"https:\\\/\\\/reunion-gites.com\\\/de\\\/accueil\\\/\"},{\"@type\":\"ListItem\",\"position\":2,\"name\":\"Hotel Account\"}]},{\"@type\":\"WebSite\",\"@id\":\"https:\\\/\\\/reunion-gites.com\\\/de\\\/#website\",\"url\":\"https:\\\/\\\/reunion-gites.com\\\/de\\\/\",\"name\":\"Les G\u00eetes de Bassin Plat\",\"description\":\"Charmante Ferienh\u00e4user auf La R\u00e9union\",\"publisher\":{\"@id\":\"https:\\\/\\\/reunion-gites.com\\\/de\\\/#organization\"},\"potentialAction\":[{\"@type\":\"SearchAction\",\"target\":{\"@type\":\"EntryPoint\",\"urlTemplate\":\"https:\\\/\\\/reunion-gites.com\\\/de\\\/?s={search_term_string}\"},\"query-input\":{\"@type\":\"PropertyValueSpecification\",\"valueRequired\":true,\"valueName\":\"search_term_string\"}}],\"inLanguage\":\"de\"},{\"@type\":\"Organization\",\"@id\":\"https:\\\/\\\/reunion-gites.com\\\/de\\\/#organization\",\"name\":\"Les G\u00eetes de Bassin Plat\",\"url\":\"https:\\\/\\\/reunion-gites.com\\\/de\\\/\",\"logo\":{\"@type\":\"ImageObject\",\"inLanguage\":\"de\",\"@id\":\"https:\\\/\\\/reunion-gites.com\\\/de\\\/#\\\/schema\\\/logo\\\/image\\\/\",\"url\":\"https:\\\/\\\/reunion-gites.com\\\/wp-content\\\/uploads\\\/2015\\\/09\\\/cropped-Logo-GBP-3-1-1-e1708710559604.png\",\"contentUrl\":\"https:\\\/\\\/reunion-gites.com\\\/wp-content\\\/uploads\\\/2015\\\/09\\\/cropped-Logo-GBP-3-1-1-e1708710559604.png\",\"width\":512,\"height\":359,\"caption\":\"Les G\u00eetes de Bassin Plat\"},\"image\":{\"@id\":\"https:\\\/\\\/reunion-gites.com\\\/de\\\/#\\\/schema\\\/logo\\\/image\\\/\"}}]}<\/script>\n<!-- \/ Yoast SEO plugin. -->","yoast_head_json":{"title":"Hotel Account - Les G\u00eetes de Bassin Plat","robots":{"index":"index","follow":"follow","max-snippet":"max-snippet:-1","max-image-preview":"max-image-preview:large","max-video-preview":"max-video-preview:-1"},"canonical":"https:\/\/reunion-gites.com\/de\/hotel-account\/","og_locale":"de_DE","og_type":"article","og_title":"Hotel Account - Les G\u00eetes de Bassin Plat","og_url":"https:\/\/reunion-gites.com\/de\/hotel-account\/","og_site_name":"Les G\u00eetes de Bassin Plat","twitter_card":"summary_large_image","schema":{"@context":"https:\/\/schema.org","@graph":[{"@type":"WebPage","@id":"https:\/\/reunion-gites.com\/de\/hotel-account\/","url":"https:\/\/reunion-gites.com\/de\/hotel-account\/","name":"Hotel Account - Les G\u00eetes de Bassin Plat","isPartOf":{"@id":"https:\/\/reunion-gites.com\/de\/#website"},"datePublished":"2024-02-23T11:32:28+00:00","breadcrumb":{"@id":"https:\/\/reunion-gites.com\/de\/hotel-account\/#breadcrumb"},"inLanguage":"de","potentialAction":[{"@type":"ReadAction","target":["https:\/\/reunion-gites.com\/de\/hotel-account\/"]}]},{"@type":"BreadcrumbList","@id":"https:\/\/reunion-gites.com\/de\/hotel-account\/#breadcrumb","itemListElement":[{"@type":"ListItem","position":1,"name":"Startseite","item":"https:\/\/reunion-gites.com\/de\/accueil\/"},{"@type":"ListItem","position":2,"name":"Hotel Account"}]},{"@type":"WebSite","@id":"https:\/\/reunion-gites.com\/de\/#website","url":"https:\/\/reunion-gites.com\/de\/","name":"Les G\u00eetes de Bassin Plat","description":"Charmante Ferienh\u00e4user auf La R\u00e9union","publisher":{"@id":"https:\/\/reunion-gites.com\/de\/#organization"},"potentialAction":[{"@type":"SearchAction","target":{"@type":"EntryPoint","urlTemplate":"https:\/\/reunion-gites.com\/de\/?s={search_term_string}"},"query-input":{"@type":"PropertyValueSpecification","valueRequired":true,"valueName":"search_term_string"}}],"inLanguage":"de"},{"@type":"Organization","@id":"https:\/\/reunion-gites.com\/de\/#organization","name":"Les G\u00eetes de Bassin Plat","url":"https:\/\/reunion-gites.com\/de\/","logo":{"@type":"ImageObject","inLanguage":"de","@id":"https:\/\/reunion-gites.com\/de\/#\/schema\/logo\/image\/","url":"https:\/\/reunion-gites.com\/wp-content\/uploads\/2015\/09\/cropped-Logo-GBP-3-1-1-e1708710559604.png","contentUrl":"https:\/\/reunion-gites.com\/wp-content\/uploads\/2015\/09\/cropped-Logo-GBP-3-1-1-e1708710559604.png","width":512,"height":359,"caption":"Les G\u00eetes de Bassin Plat"},"image":{"@id":"https:\/\/reunion-gites.com\/de\/#\/schema\/logo\/image\/"}}]}},"_links":{"self":[{"href":"https:\/\/reunion-gites.com\/de\/wp-json\/wp\/v2\/pages\/5154","targetHints":{"allow":["GET"]}}],"collection":[{"href":"https:\/\/reunion-gites.com\/de\/wp-json\/wp\/v2\/pages"}],"about":[{"href":"https:\/\/reunion-gites.com\/de\/wp-json\/wp\/v2\/types\/page"}],"author":[{"embeddable":true,"href":"https:\/\/reunion-gites.com\/de\/wp-json\/wp\/v2\/users\/1"}],"replies":[{"embeddable":true,"href":"https:\/\/reunion-gites.com\/de\/wp-json\/wp\/v2\/comments?post=5154"}],"version-history":[{"count":0,"href":"https:\/\/reunion-gites.com\/de\/wp-json\/wp\/v2\/pages\/5154\/revisions"}],"wp:attachment":[{"href":"https:\/\/reunion-gites.com\/de\/wp-json\/wp\/v2\/media?parent=5154"}],"curies":[{"name":"wp","href":"https:\/\/api.w.org\/{rel}","templated":true}]}}